{"id":27,"date":"2021-09-03T14:38:04","date_gmt":"2021-09-03T12:38:04","guid":{"rendered":"http:\/\/renowacja-fasady.artus.torun.pl\/?page_id=27"},"modified":"2024-03-27T20:54:15","modified_gmt":"2024-03-27T19:54:15","slug":"strona-glowna","status":"publish","type":"page","link":"https:\/\/renowacja-fasady.artus.torun.pl\/","title":{"rendered":"Strona g\u0142\u00f3wna"},"content":{"rendered":"\t\t<div data-elementor-type=\"wp-page\" data-elementor-id=\"27\" class=\"elementor elementor-27\">\n\t\t\t\t\t\t<section class=\"elementor-section elementor-top-section elementor-element elementor-element-ea8af13 elementor-section-full_width elementor-section-stretched elementor-section-height-default elementor-section-height-default\" data-id=\"ea8af13\" data-element_type=\"section\" data-settings=\"{&quot;stretch_section&quot;:&quot;section-stretched&quot;}\">\n\t\t\t\t\t\t<div class=\"elementor-container elementor-column-gap-default\">\n\t\t\t\t\t<div class=\"elementor-column elementor-col-50 elementor-top-column elementor-element elementor-element-504a11e\" data-id=\"504a11e\" data-element_type=\"column\" data-settings=\"{&quot;background_background&quot;:&quot;classic&quot;}\">\n\t\t\t<div class=\"elementor-widget-wrap elementor-element-populated\">\n\t\t\t\t\t\t<div class=\"elementor-element elementor-element-1f8d31a elementor-widget elementor-widget-spacer\" data-id=\"1f8d31a\" data-element_type=\"widget\" data-widget_type=\"spacer.default\">\n\t\t\t\t<div class=\"elementor-widget-container\">\n\t\t\t\t\t\t\t<div class=\"elementor-spacer\">\n\t\t\t<div class=\"elementor-spacer-inner\"><\/div>\n\t\t<\/div>\n\t\t\t\t\t\t<\/div>\n\t\t\t\t<\/div>\n\t\t\t\t\t<\/div>\n\t\t<\/div>\n\t\t\t\t<div class=\"elementor-column elementor-col-50 elementor-top-column elementor-element elementor-element-ed9c676\" data-id=\"ed9c676\" data-element_type=\"column\">\n\t\t\t<div class=\"elementor-widget-wrap elementor-element-populated\">\n\t\t\t\t\t\t<div class=\"elementor-element elementor-element-161c991 elementor-widget elementor-widget-image\" data-id=\"161c991\" data-element_type=\"widget\" data-widget_type=\"image.default\">\n\t\t\t\t<div class=\"elementor-widget-container\">\n\t\t\t\t\t\t\t\t\t\t\t\t\t\t\t<img decoding=\"async\" src=\"http:\/\/renowacja-fasady.artus.torun.pl\/wp-content\/uploads\/elementor\/thumbs\/logo-ue-flaga-q4m6xcfoti6gwkqvxi9g573gep4j4winasszgnw7im.jpg\" title=\"logo-ue-flaga\" alt=\"logo-ue-flaga\" loading=\"lazy\" \/>\t\t\t\t\t\t\t\t\t\t\t\t\t\t\t<\/div>\n\t\t\t\t<\/div>\n\t\t\t\t<div class=\"elementor-element elementor-element-e00bf3d elementor-widget elementor-widget-heading\" data-id=\"e00bf3d\" data-element_type=\"widget\" data-widget_type=\"heading.default\">\n\t\t\t\t<div class=\"elementor-widget-container\">\n\t\t\t\t\t<h2 class=\"elementor-heading-title elementor-size-default\">Nowoczesny Dw\u00f3r Artusa<\/h2>\t\t\t\t<\/div>\n\t\t\t\t<\/div>\n\t\t\t\t<div class=\"elementor-element elementor-element-ff5386b elementor-widget elementor-widget-heading\" data-id=\"ff5386b\" data-element_type=\"widget\" data-widget_type=\"heading.default\">\n\t\t\t\t<div class=\"elementor-widget-container\">\n\t\t\t\t\t<h4 class=\"elementor-heading-title elementor-size-default\">Restauracja i modernizacja centrum kultury<\/h4>\t\t\t\t<\/div>\n\t\t\t\t<\/div>\n\t\t\t\t\t<\/div>\n\t\t<\/div>\n\t\t\t\t\t<\/div>\n\t\t<\/section>\n\t\t\t\t<section class=\"elementor-section elementor-top-section elementor-element elementor-element-f61084a elementor-section-stretched elementor-section-boxed elementor-section-height-default elementor-section-height-default\" data-id=\"f61084a\" data-element_type=\"section\" data-settings=\"{&quot;stretch_section&quot;:&quot;section-stretched&quot;,&quot;background_background&quot;:&quot;classic&quot;}\">\n\t\t\t\t\t\t<div class=\"elementor-container elementor-column-gap-default\">\n\t\t\t\t\t<div class=\"elementor-column elementor-col-100 elementor-top-column elementor-element elementor-element-e479b3e\" data-id=\"e479b3e\" data-element_type=\"column\">\n\t\t\t<div class=\"elementor-widget-wrap elementor-element-populated\">\n\t\t\t\t\t\t<div class=\"elementor-element elementor-element-f1604dc elementor-widget elementor-widget-text-editor\" data-id=\"f1604dc\" data-element_type=\"widget\" data-widget_type=\"text-editor.default\">\n\t\t\t\t<div class=\"elementor-widget-container\">\n\t\t\t\t\t\t\t\t\t<p>Tytu\u0142 projektu:<br \/><strong>Nowoczesny Dw\u00f3r Artusa \u2013 restauracja i modernizacja centrum kultury<\/strong><\/p><p>\u00a0<\/p><p><strong>Program Operacyjny:<\/strong><br \/>Regionalny Program Operacyjny Wojew\u00f3dztwa Kujawsko-Pomorskiego na lata 2014-2020<br \/>Dzia\u0142anie 4.6 \u201eOchrona \u015brodowiska naturalnego i zasob\u00f3w kulturowych na obszarze ZIT\u201d<br \/>Poddzia\u0142anie 4.6.2\u00a0 \u201eWsparcie ochrony zasob\u00f3w kultury w ramach ZIT\u201d<br \/>Schemat: Ochrona zasob\u00f3w kultury jednostek samorz\u0105du terytorialnego<\/p><p>\u00a0<\/p><p><strong>Realizator:<\/strong><br \/>Centrum Kultury Dw\u00f3r Artusa<\/p>\t\t\t\t\t\t\t\t<\/div>\n\t\t\t\t<\/div>\n\t\t\t\t\t<\/div>\n\t\t<\/div>\n\t\t\t\t\t<\/div>\n\t\t<\/section>\n\t\t\t\t<section class=\"elementor-section elementor-top-section elementor-element elementor-element-9c35bde elementor-section-full_width elementor-section-stretched elementor-section-height-default elementor-section-height-default\" data-id=\"9c35bde\" data-element_type=\"section\" data-settings=\"{&quot;stretch_section&quot;:&quot;section-stretched&quot;}\">\n\t\t\t\t\t\t<div class=\"elementor-container elementor-column-gap-default\">\n\t\t\t\t\t<div class=\"elementor-column elementor-col-50 elementor-top-column elementor-element elementor-element-d204c99\" data-id=\"d204c99\" data-element_type=\"column\">\n\t\t\t<div class=\"elementor-widget-wrap elementor-element-populated\">\n\t\t\t\t\t\t<div class=\"elementor-element elementor-element-ca2edf5 elementor-widget elementor-widget-text-editor\" data-id=\"ca2edf5\" data-element_type=\"widget\" data-widget_type=\"text-editor.default\">\n\t\t\t\t<div class=\"elementor-widget-container\">\n\t\t\t\t\t\t\t\t\t<div><strong>Data podpisania umowy o dofinansowanie:<\/strong><br \/>31.05.2021 r.<\/div><div><strong>Termin realizacji:<\/strong><br \/>1.06.2021\u00a0r. \u2013 30.06.2023 r.<\/div><h3>\u00a0<\/h3><h3><strong>Dane finansowe<\/strong><\/h3><div>\u00a0<\/div><div>3.523.300,31 z\u0142<\/div><div>\u00a0<\/div><div><strong>Koszt ca\u0142kowity<\/strong><\/div><div><strong>2.479.472,94 z\u0142<\/strong><\/div><div>\u00a0<\/div><div><strong>Ca\u0142kowita warto\u015b\u0107 wydatk\u00f3w kwalifikowalnych<\/strong><\/div><div>\u00a0<\/div><div><strong>1.907.746,18 z\u0142<\/strong><\/div><div><strong>Kwota dofinansowania<\/strong><\/div><div>\u00a0<\/div><div>571.726,76 z\u0142<\/div><div><strong>Wk\u0142ad w\u0142asny<\/strong><\/div><div>\u00a0<\/div><div>\u0179r\u00f3d\u0142a finansowania: Europejski Fundusz Rozwoju Regionalnego<\/div>\t\t\t\t\t\t\t\t<\/div>\n\t\t\t\t<\/div>\n\t\t\t\t\t<\/div>\n\t\t<\/div>\n\t\t\t\t<div class=\"elementor-column elementor-col-50 elementor-top-column elementor-element elementor-element-2dfd2f0\" data-id=\"2dfd2f0\" data-element_type=\"column\" data-settings=\"{&quot;background_background&quot;:&quot;classic&quot;}\">\n\t\t\t<div class=\"elementor-widget-wrap elementor-element-populated\">\n\t\t\t\t\t\t<div class=\"elementor-element elementor-element-33cfbb0 elementor-widget elementor-widget-spacer\" data-id=\"33cfbb0\" data-element_type=\"widget\" data-widget_type=\"spacer.default\">\n\t\t\t\t<div class=\"elementor-widget-container\">\n\t\t\t\t\t\t\t<div class=\"elementor-spacer\">\n\t\t\t<div class=\"elementor-spacer-inner\"><\/div>\n\t\t<\/div>\n\t\t\t\t\t\t<\/div>\n\t\t\t\t<\/div>\n\t\t\t\t\t<\/div>\n\t\t<\/div>\n\t\t\t\t\t<\/div>\n\t\t<\/section>\n\t\t\t\t<section class=\"elementor-section elementor-top-section elementor-element elementor-element-1213df4 elementor-section-stretched elementor-section-boxed elementor-section-height-default elementor-section-height-default\" data-id=\"1213df4\" data-element_type=\"section\" data-settings=\"{&quot;stretch_section&quot;:&quot;section-stretched&quot;,&quot;background_background&quot;:&quot;classic&quot;}\">\n\t\t\t\t\t\t<div class=\"elementor-container elementor-column-gap-default\">\n\t\t\t\t\t<div class=\"elementor-column elementor-col-100 elementor-top-column elementor-element elementor-element-0715bed\" data-id=\"0715bed\" data-element_type=\"column\">\n\t\t\t<div class=\"elementor-widget-wrap elementor-element-populated\">\n\t\t\t\t\t\t<div class=\"elementor-element elementor-element-b1e25af elementor-widget elementor-widget-heading\" data-id=\"b1e25af\" data-element_type=\"widget\" data-widget_type=\"heading.default\">\n\t\t\t\t<div class=\"elementor-widget-container\">\n\t\t\t\t\t<h2 class=\"elementor-heading-title elementor-size-default\">Opis projektu<\/h2>\t\t\t\t<\/div>\n\t\t\t\t<\/div>\n\t\t\t\t<div class=\"elementor-element elementor-element-490b249 elementor-widget-divider--view-line elementor-widget elementor-widget-divider\" data-id=\"490b249\" data-element_type=\"widget\" data-widget_type=\"divider.default\">\n\t\t\t\t<div class=\"elementor-widget-container\">\n\t\t\t\t\t\t\t<div class=\"elementor-divider\">\n\t\t\t<span class=\"elementor-divider-separator\">\n\t\t\t\t\t\t<\/span>\n\t\t<\/div>\n\t\t\t\t\t\t<\/div>\n\t\t\t\t<\/div>\n\t\t\t\t<div class=\"elementor-element elementor-element-a37fd76 elementor-widget elementor-widget-text-editor\" data-id=\"a37fd76\" data-element_type=\"widget\" data-widget_type=\"text-editor.default\">\n\t\t\t\t<div class=\"elementor-widget-container\">\n\t\t\t\t\t\t\t\t\t<p>Projekt nosi nazw\u0119 \u201eNowoczesny Dw\u00f3r Artusa &#8211; restauracja i modernizacja centrum kultury\u201d<\/p><p>Beneficjentem jest miejska instytucja kultury &#8211; toru\u0144skie Centrum Kultury Dw\u00f3r Artusa, z siedzib\u0105 w zabytkowym obiekcie w obr\u0119bie Zespo\u0142u Staromiejskiego Torunia, wpisanego na \u015bwiatow\u0105 list\u0119 UNESCO.<\/p><p>Projekt dotyczy rob\u00f3t renowacyjno-konserwatorskich i modernizacyjnych w obiekcie zabytkowym. Obiekt wpisany jest do rejestru zabytk\u00f3w pod nr A211 &#8211; Decyzja Wojew\u00f3dzkiego Konserwatora Zabytk\u00f3w z dnia 7 lutego 1991 r.<\/p><p>Zakres wnioskowanej inwestycji zak\u0142ada przeprowadzenie prac renowacyjnych odnowienia fasady budynku, pinakli na dachu budynku, \u015bcian oraz drzwi w holu budynku, uszczelnienia okien w Sali Wielkiej, modernizacji infrastruktury elektrycznej i sieciowej, wymiany parkietu w Galerii wraz z przeniesieniem szatni.<\/p><p>Przewidziano tak\u017ce zakup sprz\u0119tu nag\u0142o\u015bnieniowego i o\u015bwietleniowego w Sali Wielkiej oraz Galerii, za\u0142o\u017cenie klimatyzacji w pomieszczeniach na pierwszym pi\u0119trze oraz w pomieszczeniu piwnicznym, stworzenie w jednym z pomieszcze\u0144 sali konferencyjnej.<\/p><p>Powy\u017csze modernizacje pozwol\u0105 na stworzenie nowej oferty kulturalnej.<\/p><p>Zadanie to ma na celu zwi\u0119kszenie atrakcyjno\u015bci obiektu kultury, jakim jest Dw\u00f3r Artusa i wzrost liczby os\u00f3b odwiedzaj\u0105cych i korzystaj\u0105cych z obiektu. Dw\u00f3r Artusa jest budynkiem zabytkowym, jednocze\u015bnie b\u0119d\u0105c obiektem u\u017cyteczno\u015bci publicznej i siedzib\u0105 pr\u0119\u017cnie funkcjonuj\u0105cego Centrum Kultury Dw\u00f3r Artusa.<\/p><p>Projekt pn. \u201eNowoczesny Dw\u00f3r Artusa &#8211; restauracja i modernizacja centrum kultury\u201d przyczyni si\u0119 do wygenerowania d\u0142ugotrwa\u0142ych i mierzalnych efekt\u00f3w ekonomiczno-spo\u0142ecznych poprzez wzrost liczby uczestnik\u00f3w wydarze\u0144 kulturalnych i budow\u0119 \u015bwiadomo\u015bci kulturalnej mieszka\u0144c\u00f3w regionu kujawsko-pomorskiego.<\/p>\t\t\t\t\t\t\t\t<\/div>\n\t\t\t\t<\/div>\n\t\t\t\t\t<\/div>\n\t\t<\/div>\n\t\t\t\t\t<\/div>\n\t\t<\/section>\n\t\t\t\t<section class=\"elementor-section elementor-top-section elementor-element elementor-element-2ee6197 elementor-section-height-min-height elementor-section-stretched elementor-section-boxed elementor-section-height-default elementor-section-items-middle\" data-id=\"2ee6197\" data-element_type=\"section\" data-settings=\"{&quot;stretch_section&quot;:&quot;section-stretched&quot;,&quot;background_background&quot;:&quot;classic&quot;}\">\n\t\t\t\t\t\t\t<div class=\"elementor-background-overlay\"><\/div>\n\t\t\t\t\t\t\t<div class=\"elementor-container elementor-column-gap-default\">\n\t\t\t\t\t<div class=\"elementor-column elementor-col-100 elementor-top-column elementor-element elementor-element-9fb1510\" data-id=\"9fb1510\" data-element_type=\"column\">\n\t\t\t<div class=\"elementor-widget-wrap elementor-element-populated\">\n\t\t\t\t\t\t<div class=\"elementor-element elementor-element-b19132a elementor-widget elementor-widget-text-editor\" data-id=\"b19132a\" data-element_type=\"widget\" data-widget_type=\"text-editor.default\">\n\t\t\t\t<div class=\"elementor-widget-container\">\n\t\t\t\t\t\t\t\t\t<h3><strong>Dane kontaktowe realizatora:<\/strong><\/h3><p>Centrum Kultury Dw\u00f3r Artusa<br \/>Rynek Staromiejski 6, 87-100 Toru\u0144<br \/>sekretariat@artus.torun.pl<\/p>\t\t\t\t\t\t\t\t<\/div>\n\t\t\t\t<\/div>\n\t\t\t\t\t<\/div>\n\t\t<\/div>\n\t\t\t\t\t<\/div>\n\t\t<\/section>\n\t\t\t\t<section class=\"elementor-section elementor-top-section elementor-element elementor-element-171e8d3 elementor-section-stretched elementor-section-boxed elementor-section-height-default elementor-section-height-default\" data-id=\"171e8d3\" data-element_type=\"section\" data-settings=\"{&quot;stretch_section&quot;:&quot;section-stretched&quot;,&quot;background_background&quot;:&quot;classic&quot;}\">\n\t\t\t\t\t\t<div class=\"elementor-container elementor-column-gap-default\">\n\t\t\t\t\t<div class=\"elementor-column elementor-col-100 elementor-top-column elementor-element elementor-element-d986a40\" data-id=\"d986a40\" data-element_type=\"column\">\n\t\t\t<div class=\"elementor-widget-wrap elementor-element-populated\">\n\t\t\t\t\t\t<div class=\"elementor-element elementor-element-d13e803 elementor-widget elementor-widget-heading\" data-id=\"d13e803\" data-element_type=\"widget\" data-widget_type=\"heading.default\">\n\t\t\t\t<div class=\"elementor-widget-container\">\n\t\t\t\t\t<h2 class=\"elementor-heading-title elementor-size-default\">Metryczka projektu<\/h2>\t\t\t\t<\/div>\n\t\t\t\t<\/div>\n\t\t\t\t<div class=\"elementor-element elementor-element-1df8042 elementor-widget-divider--view-line elementor-widget elementor-widget-divider\" data-id=\"1df8042\" data-element_type=\"widget\" data-widget_type=\"divider.default\">\n\t\t\t\t<div class=\"elementor-widget-container\">\n\t\t\t\t\t\t\t<div class=\"elementor-divider\">\n\t\t\t<span class=\"elementor-divider-separator\">\n\t\t\t\t\t\t<\/span>\n\t\t<\/div>\n\t\t\t\t\t\t<\/div>\n\t\t\t\t<\/div>\n\t\t\t\t<div class=\"elementor-element elementor-element-8c56948 elementor-widget elementor-widget-text-editor\" data-id=\"8c56948\" data-element_type=\"widget\" data-widget_type=\"text-editor.default\">\n\t\t\t\t<div class=\"elementor-widget-container\">\n\t\t\t\t\t\t\t\t\t<p><strong>Okres programowania:<\/strong> Okres programowania 2014-2020<\/p><p>\u00a0<\/p><p><strong>Fundusz:<\/strong> Europejski Fundusz Rozwoju Regionalnego<\/p><p>\u00a0<\/p><p><strong>Program:<\/strong> Regionalny Program Operacyjny Wojew\u00f3dztwa Kujawsko-Pomorskiego na lata 2014-2020<\/p><p>\u00a0<\/p><p><strong>Typ projektu:<\/strong> Projekt konkursowy<\/p><p>\u00a0<\/p><p><strong>Tematyka projektu:<\/strong> Dziedzictwo kulturowe &#8211; Infrastruktura kulturalna &#8211; Kultura<\/p><p>\u00a0<\/p><p><strong>Realizator:<\/strong> Centrum Kultury Dw\u00f3r Artusa<\/p>\t\t\t\t\t\t\t\t<\/div>\n\t\t\t\t<\/div>\n\t\t\t\t\t<\/div>\n\t\t<\/div>\n\t\t\t\t\t<\/div>\n\t\t<\/section>\n\t\t\t\t<section class=\"elementor-section elementor-top-section elementor-element elementor-element-8eed619 elementor-section-stretched elementor-section-boxed elementor-section-height-default elementor-section-height-default\" data-id=\"8eed619\" data-element_type=\"section\" data-settings=\"{&quot;stretch_section&quot;:&quot;section-stretched&quot;}\">\n\t\t\t\t\t\t<div class=\"elementor-container elementor-column-gap-default\">\n\t\t\t\t\t<div class=\"elementor-column elementor-col-100 elementor-top-column elementor-element elementor-element-27ae8df\" data-id=\"27ae8df\" data-element_type=\"column\">\n\t\t\t<div class=\"elementor-widget-wrap elementor-element-populated\">\n\t\t\t\t\t\t<div class=\"elementor-element elementor-element-73a8f9b elementor-widget elementor-widget-image\" data-id=\"73a8f9b\" data-element_type=\"widget\" data-widget_type=\"image.default\">\n\t\t\t\t<div class=\"elementor-widget-container\">\n\t\t\t\t\t\t\t\t\t\t\t\t\t\t\t<img fetchpriority=\"high\" decoding=\"async\" width=\"750\" height=\"79\" src=\"http:\/\/renowacja-fasady.artus.torun.pl\/wp-content\/uploads\/2023\/08\/poziom_kolor-1024x108.jpg\" class=\"attachment-large size-large wp-image-76\" alt=\"\" srcset=\"http:\/\/renowacja-fasady.artus.torun.pl\/wp-content\/uploads\/2023\/08\/poziom_kolor-1024x108.jpg 1024w, http:\/\/renowacja-fasady.artus.torun.pl\/wp-content\/uploads\/2023\/08\/poziom_kolor-300x32.jpg 300w, http:\/\/renowacja-fasady.artus.torun.pl\/wp-content\/uploads\/2023\/08\/poziom_kolor-768x81.jpg 768w, http:\/\/renowacja-fasady.artus.torun.pl\/wp-content\/uploads\/2023\/08\/poziom_kolor-1536x162.jpg 1536w, http:\/\/renowacja-fasady.artus.torun.pl\/wp-content\/uploads\/2023\/08\/poziom_kolor-2048x217.jpg 2048w, http:\/\/renowacja-fasady.artus.torun.pl\/wp-content\/uploads\/2023\/08\/poziom_kolor-1568x166.jpg 1568w\" sizes=\"(max-width: 750px) 100vw, 750px\" style=\"width:100%;height:10.59%;max-width:2560px\" \/>\t\t\t\t\t\t\t\t\t\t\t\t\t\t\t<\/div>\n\t\t\t\t<\/div>\n\t\t\t\t\t<\/div>\n\t\t<\/div>\n\t\t\t\t\t<\/div>\n\t\t<\/section>\n\t\t\t\t<\/div>\n\t\t","protected":false},"excerpt":{"rendered":"<p>Nowoczesny Dw\u00f3r Artusa Restauracja i modernizacja centrum kultury Tytu\u0142 projektu:Nowoczesny Dw\u00f3r Artusa \u2013 restauracja i modernizacja centrum kultury \u00a0 Program Operacyjny:Regionalny Program Operacyjny Wojew\u00f3dztwa Kujawsko-Pomorskiego na lata 2014-2020Dzia\u0142anie 4.6 \u201eOchrona \u015brodowiska naturalnego i zasob\u00f3w kulturowych na obszarze ZIT\u201dPoddzia\u0142anie 4.6.2\u00a0 \u201eWsparcie ochrony zasob\u00f3w kultury w ramach ZIT\u201dSchemat: Ochrona zasob\u00f3w kultury jednostek samorz\u0105du terytorialnego \u00a0 Realizator:Centrum Kultury&hellip; <a class=\"more-link\" href=\"https:\/\/renowacja-fasady.artus.torun.pl\/\">Czytaj dalej <span class=\"screen-reader-text\">Strona g\u0142\u00f3wna<\/span><\/a><\/p>\n","protected":false},"author":2,"featured_media":0,"parent":0,"menu_order":0,"comment_status":"closed","ping_status":"closed","template":"","meta":{"footnotes":""},"class_list":["post-27","page","type-page","status-publish","hentry","entry"],"_links":{"self":[{"href":"https:\/\/renowacja-fasady.artus.torun.pl\/index.php\/wp-json\/wp\/v2\/pages\/27","targetHints":{"allow":["GET"]}}],"collection":[{"href":"https:\/\/renowacja-fasady.artus.torun.pl\/index.php\/wp-json\/wp\/v2\/pages"}],"about":[{"href":"https:\/\/renowacja-fasady.artus.torun.pl\/index.php\/wp-json\/wp\/v2\/types\/page"}],"author":[{"embeddable":true,"href":"https:\/\/renowacja-fasady.artus.torun.pl\/index.php\/wp-json\/wp\/v2\/users\/2"}],"replies":[{"embeddable":true,"href":"https:\/\/renowacja-fasady.artus.torun.pl\/index.php\/wp-json\/wp\/v2\/comments?post=27"}],"version-history":[{"count":40,"href":"https:\/\/renowacja-fasady.artus.torun.pl\/index.php\/wp-json\/wp\/v2\/pages\/27\/revisions"}],"predecessor-version":[{"id":83,"href":"https:\/\/renowacja-fasady.artus.torun.pl\/index.php\/wp-json\/wp\/v2\/pages\/27\/revisions\/83"}],"wp:attachment":[{"href":"https:\/\/renowacja-fasady.artus.torun.pl\/index.php\/wp-json\/wp\/v2\/media?parent=27"}],"curies":[{"name":"wp","href":"https:\/\/api.w.org\/{rel}","templated":true}]}}